{"id":837,"date":"2018-11-16T12:14:42","date_gmt":"2018-11-16T12:14:42","guid":{"rendered":"https:\/\/boldlab.qodeinteractive.com\/elementor\/?page_id=837"},"modified":"2022-08-22T18:04:58","modified_gmt":"2022-08-22T16:04:58","slug":"about-us","status":"publish","type":"page","link":"https:\/\/artbrand.ma\/fr\/about-us\/","title":{"rendered":"\u00e0 propos de nous _"},"content":{"rendered":"<div data-elementor-type=\"wp-page\" data-elementor-id=\"837\" class=\"elementor elementor-837\">\n\t\t\t\t\t\t<section class=\"elementor-section elementor-top-section elementor-element elementor-element-22f90b4 elementor-section-full_width qodef-elementor-content-grid elementor-section-height-default elementor-section-height-default qodef-content-alignment-no\" data-id=\"22f90b4\" data-element_type=\"section\" data-e-type=\"section\">\n\t\t\t\t\t\t<div class=\"elementor-container elementor-column-gap-default\">\n\t\t\t\t\t<div class=\"elementor-column elementor-col-100 elementor-top-column elementor-element elementor-element-14d7a859\" data-id=\"14d7a859\" data-element_type=\"column\" data-e-type=\"column\">\n\t\t\t<div class=\"elementor-widget-wrap elementor-element-populated\">\n\t\t\t\t\t\t<div class=\"elementor-element elementor-element-34ba798 elementor-widget__width-auto elementor-widget elementor-widget-boldlab_core_highlight\" data-id=\"34ba798\" data-element_type=\"widget\" data-e-type=\"widget\" data-widget_type=\"boldlab_core_highlight.default\">\n\t\t\t\t<div class=\"elementor-widget-container\">\n\t\t\t\t\t<h1 class=\"qodef-shortcode qodef-m  qodef-highlight\" >\n\t\t\t<span class=\"qodef-highlight-text\">Bienvenue chez ART. BRAND<\/span>\t<\/h1>\t\t\t\t<\/div>\n\t\t\t\t<\/div>\n\t\t\t\t\t<\/div>\n\t\t<\/div>\n\t\t\t\t\t<\/div>\n\t\t<\/section>\n\t\t\t\t<section class=\"elementor-section elementor-top-section elementor-element elementor-element-04b8964 elementor-section-full_width qodef-elementor-content-grid elementor-section-height-default elementor-section-height-default qodef-content-alignment-no\" data-id=\"04b8964\" data-element_type=\"section\" data-e-type=\"section\">\n\t\t\t\t\t\t<div class=\"elementor-container elementor-column-gap-default\">\n\t\t\t\t\t<div class=\"elementor-column elementor-col-100 elementor-top-column elementor-element elementor-element-23a929e\" data-id=\"23a929e\" data-element_type=\"column\" data-e-type=\"column\">\n\t\t\t<div class=\"elementor-widget-wrap elementor-element-populated\">\n\t\t\t\t\t\t<div class=\"elementor-element elementor-element-d2b4d5e elementor-widget elementor-widget-image\" data-id=\"d2b4d5e\" data-element_type=\"widget\" data-e-type=\"widget\" data-widget_type=\"image.default\">\n\t\t\t\t<div class=\"elementor-widget-container\">\n\t\t\t\t\t\t\t\t\t\t\t\t\t\t\t<img fetchpriority=\"high\" decoding=\"async\" width=\"1920\" height=\"1100\" src=\"https:\/\/artbrand.ma\/wp-content\/uploads\/2021\/03\/h1-slider-7-background.jpg\" class=\"attachment-full size-full wp-image-4816\" alt=\"\" srcset=\"https:\/\/artbrand.ma\/wp-content\/uploads\/2021\/03\/h1-slider-7-background.jpg 1920w, https:\/\/artbrand.ma\/wp-content\/uploads\/2021\/03\/h1-slider-7-background-300x172.jpg 300w, https:\/\/artbrand.ma\/wp-content\/uploads\/2021\/03\/h1-slider-7-background-1024x587.jpg 1024w, https:\/\/artbrand.ma\/wp-content\/uploads\/2021\/03\/h1-slider-7-background-768x440.jpg 768w, https:\/\/artbrand.ma\/wp-content\/uploads\/2021\/03\/h1-slider-7-background-1536x880.jpg 1536w, https:\/\/artbrand.ma\/wp-content\/uploads\/2021\/03\/h1-slider-7-background-600x344.jpg 600w\" sizes=\"(max-width: 1920px) 100vw, 1920px\" \/>\t\t\t\t\t\t\t\t\t\t\t\t\t\t\t<\/div>\n\t\t\t\t<\/div>\n\t\t\t\t\t<\/div>\n\t\t<\/div>\n\t\t\t\t\t<\/div>\n\t\t<\/section>\n\t\t\t\t<section class=\"elementor-section elementor-top-section elementor-element elementor-element-35afc25 elementor-section-boxed elementor-section-height-default elementor-section-height-default qodef-elementor-content-no qodef-content-alignment-no\" data-id=\"35afc25\" data-element_type=\"section\" data-e-type=\"section\">\n\t\t\t\t\t\t<div class=\"elementor-container elementor-column-gap-default\">\n\t\t\t\t\t<div class=\"elementor-column elementor-col-33 elementor-top-column elementor-element elementor-element-fb3141f\" data-id=\"fb3141f\" data-element_type=\"column\" data-e-type=\"column\">\n\t\t\t<div class=\"elementor-widget-wrap elementor-element-populated\">\n\t\t\t\t\t\t<div class=\"elementor-element elementor-element-97c5752 elementor-widget elementor-widget-boldlab_core_section_title\" data-id=\"97c5752\" data-element_type=\"widget\" data-e-type=\"widget\" data-widget_type=\"boldlab_core_section_title.default\">\n\t\t\t\t<div class=\"elementor-widget-container\">\n\t\t\t\t\t<div class=\"qodef-shortcode qodef-m  qodef-section-title qodef-alignment--left\">\n\t\t<h1 class=\"qodef-m-title\" >\n\t\t\t\t\t\u00e0 propos de nous _\t\t\t<\/h1>\n\t<\/div>\t\t\t\t<\/div>\n\t\t\t\t<\/div>\n\t\t\t\t\t<\/div>\n\t\t<\/div>\n\t\t\t\t<div class=\"elementor-column elementor-col-66 elementor-top-column elementor-element elementor-element-0f75b78\" data-id=\"0f75b78\" data-element_type=\"column\" data-e-type=\"column\">\n\t\t\t<div class=\"elementor-widget-wrap elementor-element-populated\">\n\t\t\t\t\t\t<div class=\"elementor-element elementor-element-57af83a elementor-widget elementor-widget-text-editor\" data-id=\"57af83a\" data-element_type=\"widget\" data-e-type=\"widget\" data-widget_type=\"text-editor.default\">\n\t\t\t\t<div class=\"elementor-widget-container\">\n\t\t\t\t\t\t\t\t\t<p>NOUS SOMMES UNE AGENCE IND\u00c9PENDANTE DE COMMUNICATION ET DE CONCEPTION DE MARQUES. NOUS FUSIONNONS NOS COMP\u00c9TENCES ET NOTRE EXP\u00c9RIENCE DANS TOUTES LES DISCIPLINES DU DESIGN, DE LA STRAT\u00c9GIE ET \u200b\u200bDU POSITIONNEMENT DE MARQUE, \u00c0 L'IDENTIT\u00c9, \u00c0 LA DIRECTION ARTISTIQUE ET AUX M\u00c9DIAS NUM\u00c9RIQUES, POUR AIDER LES ENTREPRISES DE TOUTE SORTE ET DE TOUTE TAILLE \u00c0 S'EXPRIMER AVEC CR\u00c9ATIVIT\u00c9 ET IMPACT.<\/p><p>CHACUN DE NOS CLIENTS TRAVAILLE DIRECTEMENT AVEC UN OU PLUSIEURS DE NOS PARTENAIRES. CELA REFLETTE NOTRE CONVICTION QU'UNE GRANDE CR\u00c9ATIVIT\u00c9 NE PEUT SE FAIRE SANS PASSION, INTELLIGENCE ET ENGAGEMENT PERSONNEL. NOUS PENSONS QUE LE PROCESSUS DE CONCEPTION DOIT \u00caTRE UN DIALOGUE ENTRE VOUS, NOUS ET LE PUBLIC CONCERN\u00c9. NOTRE APPROCHE COLLABORATIVE NOUS PERMET DE CR\u00c9ER UNE DIFF\u00c9RENCIATION CONCRETE ET DE FOURNIR DES SOLUTIONS CR\u00c9ATIVES EFFICACES QUI R\u00c9PONDENT \u00c0 VOS EXIGENCES COMMERCIALES.\u00a0<\/p>\t\t\t\t\t\t\t\t<\/div>\n\t\t\t\t<\/div>\n\t\t\t\t\t<\/div>\n\t\t<\/div>\n\t\t\t\t\t<\/div>\n\t\t<\/section>\n\t\t\t\t<section class=\"elementor-section elementor-top-section elementor-element elementor-element-f8e54d5 elementor-section-boxed elementor-section-height-default elementor-section-height-default qodef-elementor-content-no qodef-content-alignment-no\" data-id=\"f8e54d5\" data-element_type=\"section\" data-e-type=\"section\">\n\t\t\t\t\t\t<div class=\"elementor-container elementor-column-gap-default\">\n\t\t\t\t\t<div class=\"elementor-column elementor-col-100 elementor-top-column elementor-element elementor-element-22ae657\" data-id=\"22ae657\" data-element_type=\"column\" data-e-type=\"column\">\n\t\t\t<div class=\"elementor-widget-wrap elementor-element-populated\">\n\t\t\t\t\t\t<div class=\"elementor-element elementor-element-461ebb3 elementor-widget elementor-widget-image\" data-id=\"461ebb3\" data-element_type=\"widget\" data-e-type=\"widget\" data-widget_type=\"image.default\">\n\t\t\t\t<div class=\"elementor-widget-container\">\n\t\t\t\t\t\t\t\t\t\t\t\t\t\t\t<img decoding=\"async\" width=\"1300\" height=\"650\" src=\"https:\/\/artbrand.ma\/wp-content\/uploads\/2021\/03\/our-clients-title-img-1300x650.jpeg\" class=\"attachment-boldlab_image_size_landscape size-boldlab_image_size_landscape wp-image-4817\" alt=\"\" \/>\t\t\t\t\t\t\t\t\t\t\t\t\t\t\t<\/div>\n\t\t\t\t<\/div>\n\t\t\t\t\t<\/div>\n\t\t<\/div>\n\t\t\t\t\t<\/div>\n\t\t<\/section>\n\t\t\t\t<section class=\"elementor-section elementor-top-section elementor-element elementor-element-a05d263 elementor-section-full_width elementor-section-content-top qodef-elementor-content-grid elementor-section-height-default elementor-section-height-default qodef-content-alignment-no\" data-id=\"a05d263\" data-element_type=\"section\" data-e-type=\"section\" data-settings=\"{&quot;background_background&quot;:&quot;classic&quot;}\">\n\t\t\t\t\t\t<div class=\"elementor-container elementor-column-gap-default\">\n\t\t\t\t\t<div class=\"elementor-column elementor-col-50 elementor-top-column elementor-element elementor-element-7a9d467\" data-id=\"7a9d467\" data-element_type=\"column\" data-e-type=\"column\">\n\t\t\t<div class=\"elementor-widget-wrap elementor-element-populated\">\n\t\t\t\t\t\t<div class=\"elementor-element elementor-element-a2ede7a elementor-widget__width-initial elementor-widget elementor-widget-boldlab_core_section_title\" data-id=\"a2ede7a\" data-element_type=\"widget\" data-e-type=\"widget\" data-widget_type=\"boldlab_core_section_title.default\">\n\t\t\t\t<div class=\"elementor-widget-container\">\n\t\t\t\t\t<div class=\"qodef-shortcode qodef-m  qodef-section-title qodef-alignment--left qodef-title-break--disabled\">\n\t\t<h2 class=\"qodef-m-title\" >\n\t\t\t\t\tNOUS SOMMES UNE<br \/> Agence \u00e0 service complet \t\t\t<\/h2>\n\t\t<p class=\"qodef-m-text\" >IDENTIT\u00c9 DE MARQUE \/ STRAT\u00c9GIE \/ NAMING \/ LITT\u00c9RATURE \/ PUBLICIT\u00c9 \/ \u00c9V\u00c9NEMENTS \/ PACKAGING \/ DIRECTION ARTISTIQUE \/ GESTION DE LA PRODUCTION \/ TUTELLE DE LA MARQUE.\n<\/p>\n<\/div>\t\t\t\t<\/div>\n\t\t\t\t<\/div>\n\t\t\t\t\t<\/div>\n\t\t<\/div>\n\t\t\t\t<div class=\"elementor-column elementor-col-50 elementor-top-column elementor-element elementor-element-d968833\" data-id=\"d968833\" data-element_type=\"column\" data-e-type=\"column\">\n\t\t\t<div class=\"elementor-widget-wrap elementor-element-populated\">\n\t\t\t\t\t\t<div class=\"elementor-element elementor-element-ee83312 elementor-widget__width-initial elementor-widget elementor-widget-boldlab_core_progress_bar\" data-id=\"ee83312\" data-element_type=\"widget\" data-e-type=\"widget\" data-widget_type=\"boldlab_core_progress_bar.default\">\n\t\t\t\t<div class=\"elementor-widget-container\">\n\t\t\t\t\t<div class=\"qodef-shortcode qodef-m  qodef-progress-bar qodef-layout--line\" data-layout=\"line\" data-active-line-color=\"#000\" data-active-line-width=\"4\" data-inactive-line-color=\"#FFFFFF\" data-inactive-line-width=\"4\" data-text-color=\"#000\" data-number=\"100\" data-rand-number=\"775\" >\n\t<div class=\"qodef-m-inner\">\n\t\t            <h5 class=\"qodef-m-title\" >\n                Identit\u00e9 de marque            <\/h5>\n                <div class=\"qodef-m-canvas\" id=\"qodef-m-canvas-775\"><\/div>\n\t\t\t\t\t<\/div>\n<\/div>\t\t\t\t<\/div>\n\t\t\t\t<\/div>\n\t\t\t\t<div class=\"elementor-element elementor-element-22d32e2 elementor-widget elementor-widget-spacer\" data-id=\"22d32e2\" data-element_type=\"widget\" data-e-type=\"widget\" data-widget_type=\"spacer.default\">\n\t\t\t\t<div class=\"elementor-widget-container\">\n\t\t\t\t\t\t\t<div class=\"elementor-spacer\">\n\t\t\t<div class=\"elementor-spacer-inner\"><\/div>\n\t\t<\/div>\n\t\t\t\t\t\t<\/div>\n\t\t\t\t<\/div>\n\t\t\t\t<div class=\"elementor-element elementor-element-b3027af elementor-widget__width-initial elementor-widget elementor-widget-boldlab_core_progress_bar\" data-id=\"b3027af\" data-element_type=\"widget\" data-e-type=\"widget\" data-widget_type=\"boldlab_core_progress_bar.default\">\n\t\t\t\t<div class=\"elementor-widget-container\">\n\t\t\t\t\t<div class=\"qodef-shortcode qodef-m  qodef-progress-bar qodef-layout--line\" data-layout=\"line\" data-active-line-color=\"#000\" data-active-line-width=\"4\" data-inactive-line-color=\"#FFFFFF\" data-inactive-line-width=\"4\" data-text-color=\"#000\" data-number=\"95\" data-rand-number=\"784\" >\n\t<div class=\"qodef-m-inner\">\n\t\t            <h5 class=\"qodef-m-title\" >\n                Strat\u00e9gie            <\/h5>\n                <div class=\"qodef-m-canvas\" id=\"qodef-m-canvas-784\"><\/div>\n\t\t\t\t\t<\/div>\n<\/div>\t\t\t\t<\/div>\n\t\t\t\t<\/div>\n\t\t\t\t<div class=\"elementor-element elementor-element-324b134 elementor-widget elementor-widget-spacer\" data-id=\"324b134\" data-element_type=\"widget\" data-e-type=\"widget\" data-widget_type=\"spacer.default\">\n\t\t\t\t<div class=\"elementor-widget-container\">\n\t\t\t\t\t\t\t<div class=\"elementor-spacer\">\n\t\t\t<div class=\"elementor-spacer-inner\"><\/div>\n\t\t<\/div>\n\t\t\t\t\t\t<\/div>\n\t\t\t\t<\/div>\n\t\t\t\t<div class=\"elementor-element elementor-element-4974039 elementor-widget__width-initial elementor-widget elementor-widget-boldlab_core_progress_bar\" data-id=\"4974039\" data-element_type=\"widget\" data-e-type=\"widget\" data-widget_type=\"boldlab_core_progress_bar.default\">\n\t\t\t\t<div class=\"elementor-widget-container\">\n\t\t\t\t\t<div class=\"qodef-shortcode qodef-m  qodef-progress-bar qodef-layout--line\" data-layout=\"line\" data-active-line-color=\"#000\" data-active-line-width=\"4\" data-inactive-line-color=\"#FFFFFF\" data-inactive-line-width=\"4\" data-text-color=\"#000\" data-number=\"80\" data-rand-number=\"209\" >\n\t<div class=\"qodef-m-inner\">\n\t\t            <h5 class=\"qodef-m-title\" >\n                Publicit\u00e9            <\/h5>\n                <div class=\"qodef-m-canvas\" id=\"qodef-m-canvas-209\"><\/div>\n\t\t\t\t\t<\/div>\n<\/div>\t\t\t\t<\/div>\n\t\t\t\t<\/div>\n\t\t\t\t<div class=\"elementor-element elementor-element-54e75e5 elementor-widget elementor-widget-spacer\" data-id=\"54e75e5\" data-element_type=\"widget\" data-e-type=\"widget\" data-widget_type=\"spacer.default\">\n\t\t\t\t<div class=\"elementor-widget-container\">\n\t\t\t\t\t\t\t<div class=\"elementor-spacer\">\n\t\t\t<div class=\"elementor-spacer-inner\"><\/div>\n\t\t<\/div>\n\t\t\t\t\t\t<\/div>\n\t\t\t\t<\/div>\n\t\t\t\t<div class=\"elementor-element elementor-element-d8f4258 elementor-widget__width-initial elementor-widget elementor-widget-boldlab_core_progress_bar\" data-id=\"d8f4258\" data-element_type=\"widget\" data-e-type=\"widget\" data-widget_type=\"boldlab_core_progress_bar.default\">\n\t\t\t\t<div class=\"elementor-widget-container\">\n\t\t\t\t\t<div class=\"qodef-shortcode qodef-m  qodef-progress-bar qodef-layout--line\" data-layout=\"line\" data-active-line-color=\"#000\" data-active-line-width=\"4\" data-inactive-line-color=\"#FFFFFF\" data-inactive-line-width=\"4\" data-text-color=\"#000\" data-number=\"93\" data-rand-number=\"24\" >\n\t<div class=\"qodef-m-inner\">\n\t\t            <h5 class=\"qodef-m-title\" >\n                Tutelle de la marque            <\/h5>\n                <div class=\"qodef-m-canvas\" id=\"qodef-m-canvas-24\"><\/div>\n\t\t\t\t\t<\/div>\n<\/div>\t\t\t\t<\/div>\n\t\t\t\t<\/div>\n\t\t\t\t<div class=\"elementor-element elementor-element-fb0b04c elementor-widget elementor-widget-spacer\" data-id=\"fb0b04c\" data-element_type=\"widget\" data-e-type=\"widget\" data-widget_type=\"spacer.default\">\n\t\t\t\t<div class=\"elementor-widget-container\">\n\t\t\t\t\t\t\t<div class=\"elementor-spacer\">\n\t\t\t<div class=\"elementor-spacer-inner\"><\/div>\n\t\t<\/div>\n\t\t\t\t\t\t<\/div>\n\t\t\t\t<\/div>\n\t\t\t\t\t<\/div>\n\t\t<\/div>\n\t\t\t\t\t<\/div>\n\t\t<\/section>\n\t\t\t\t<section class=\"elementor-section elementor-top-section elementor-element elementor-element-1c74cae elementor-section-full_width qodef-elementor-content-grid elementor-section-height-default elementor-section-height-default qodef-content-alignment-no\" data-id=\"1c74cae\" data-element_type=\"section\" data-e-type=\"section\" data-settings=\"{&quot;background_background&quot;:&quot;classic&quot;}\">\n\t\t\t\t\t\t<div class=\"elementor-container elementor-column-gap-default\">\n\t\t\t\t\t<div class=\"elementor-column elementor-col-100 elementor-top-column elementor-element elementor-element-3d80317\" data-id=\"3d80317\" data-element_type=\"column\" data-e-type=\"column\">\n\t\t\t<div class=\"elementor-widget-wrap elementor-element-populated\">\n\t\t\t\t\t\t<div class=\"elementor-element elementor-element-5e398cf elementor-widget elementor-widget-boldlab_core_call_to_action\" data-id=\"5e398cf\" data-element_type=\"widget\" data-e-type=\"widget\" data-widget_type=\"boldlab_core_call_to_action.default\">\n\t\t\t\t<div class=\"elementor-widget-container\">\n\t\t\t\t\t<div class=\"qodef-shortcode qodef-m  qodef-call-to-action qodef-layout--standard qodef-style--stretched\">\n\t<div class=\"qodef-m-inner\">\n\t\t\t<div class=\"qodef-m-content\"><h3>Vous souhaitez collaborer avec nous ?<\/h3><\/div>\n\t\t\t<div class=\"qodef-m-button\">\n\t\t<a class=\"qodef-shortcode qodef-m  qodef-button qodef-layout--filled\" href=\"https:\/\/artbrand.ma\/index.php\/contact-us\/\" target=\"_self\" data-hover-color=\"#000000\" data-hover-background-color=\"#FFFFFF\" data-hover-border-color=\"#000000\" >\t<span class=\"qodef-m-text\">Contactez-nous<\/span><\/a>\t<\/div>\n\t<\/div>\n<\/div>\t\t\t\t<\/div>\n\t\t\t\t<\/div>\n\t\t\t\t\t<\/div>\n\t\t<\/div>\n\t\t\t\t\t<\/div>\n\t\t<\/section>\n\t\t\t\t<\/div>","protected":false},"excerpt":{"rendered":"<p>WELCOME TO ART. BRAND About Us_ WE ARE AN INDEPENDENT BRAND COMMUNICATION &amp; DESIGN AGENCY WORKING ACROSS ALL MEDIA. WE MERGE OUR SKILLS AND EXPERIENCE ACROSS DESIGN DISCIPLINES FROM BRAND STRATEGY AND POSITIONING, IDENTITY, ART DIRECTION AND DIGITAL MEDIA, TO HELP BUSINESSES OF EVERY KIND AND SIZE EXPRESS THEMSELVES WITH CREATIVITY AND IMPACT. EACH OF [&hellip;]<\/p>\n","protected":false},"author":1,"featured_media":0,"parent":0,"menu_order":0,"comment_status":"closed","ping_status":"closed","template":"page-full-width.php","meta":{"footnotes":""},"class_list":["post-837","page","type-page","status-publish","hentry"],"_links":{"self":[{"href":"https:\/\/artbrand.ma\/fr\/wp-json\/wp\/v2\/pages\/837","targetHints":{"allow":["GET"]}}],"collection":[{"href":"https:\/\/artbrand.ma\/fr\/wp-json\/wp\/v2\/pages"}],"about":[{"href":"https:\/\/artbrand.ma\/fr\/wp-json\/wp\/v2\/types\/page"}],"author":[{"embeddable":true,"href":"https:\/\/artbrand.ma\/fr\/wp-json\/wp\/v2\/users\/1"}],"replies":[{"embeddable":true,"href":"https:\/\/artbrand.ma\/fr\/wp-json\/wp\/v2\/comments?post=837"}],"version-history":[{"count":22,"href":"https:\/\/artbrand.ma\/fr\/wp-json\/wp\/v2\/pages\/837\/revisions"}],"predecessor-version":[{"id":7215,"href":"https:\/\/artbrand.ma\/fr\/wp-json\/wp\/v2\/pages\/837\/revisions\/7215"}],"wp:attachment":[{"href":"https:\/\/artbrand.ma\/fr\/wp-json\/wp\/v2\/media?parent=837"}],"curies":[{"name":"wp","href":"https:\/\/api.w.org\/{rel}","templated":true}]}}